{"id":460,"date":"2016-04-26T12:21:46","date_gmt":"2016-04-26T12:21:46","guid":{"rendered":"https:\/\/demo.mekshq.com\/vlog\/dc\/?page_id=4"},"modified":"2021-04-22T11:28:58","modified_gmt":"2021-04-22T09:28:58","slug":"home","status":"publish","type":"page","link":"https:\/\/est.etuc.org\/Rethink\/","title":{"rendered":"Home"},"content":{"rendered":"\t\t<div data-elementor-type=\"wp-page\" data-elementor-id=\"460\" class=\"elementor elementor-460\" data-elementor-settings=\"[]\">\n\t\t\t\t\t\t<div class=\"elementor-inner\">\n\t\t\t\t\t\t\t<div class=\"elementor-section-wrap\">\n\t\t\t\t\t\t\t<section class=\"elementor-section elementor-top-section elementor-element elementor-element-c8d104d elementor-section-boxed elementor-section-height-default elementor-section-height-default\" data-id=\"c8d104d\" data-element_type=\"section\">\n\t\t\t\t\t\t<div class=\"elementor-container elementor-column-gap-default\">\n\t\t\t\t\t\t\t<div class=\"elementor-row\">\n\t\t\t\t\t<div class=\"elementor-column elementor-col-100 elementor-top-column elementor-element elementor-element-f35604c\" data-id=\"f35604c\" data-element_type=\"column\">\n\t\t\t<div class=\"elementor-column-wrap elementor-element-populated\">\n\t\t\t\t\t\t\t<div class=\"elementor-widget-wrap\">\n\t\t\t\t\t\t<div class=\"elementor-element elementor-element-ab66380 elementor-widget elementor-widget-heading\" data-id=\"ab66380\" data-element_type=\"widget\" data-widget_type=\"heading.default\">\n\t\t\t\t<div class=\"elementor-widget-container\">\n\t\t\t<h2 class=\"elementor-heading-title elementor-size-default\">Agenda<\/h2>\t\t<\/div>\n\t\t\t\t<\/div>\n\t\t\t\t<div class=\"elementor-element elementor-element-608d8cb topic elementor-widget elementor-widget-obfx-posts-grid\" data-id=\"608d8cb\" data-element_type=\"widget\" data-widget_type=\"obfx-posts-grid.default\">\n\t\t\t\t<div class=\"elementor-widget-container\">\n\t\t\t<div class=\"obfx-grid\"><div class=\"obfx-grid-container obfx-grid-mobile-1 obfx-grid-tablet-2 obfx-grid-desktop-2\"><div class=\"obfx-grid-wrapper\"><article class=\"obfx-grid-col obfx-no-image\"><div class=\"obfx-grid-col-content\">\t\t\t<h2 class=\"entry-title obfx-grid-title\">\n\t\t\t\t\t\t\t<a href=\"https:\/\/est.etuc.org\/Rethink\/?p=1\" title=\"Topic 1: Post-Pandemic Society: Understanding the Hopes and Aspirations of the Public\">\n\t\t\t\t\tTopic 1: Post-Pandemic Society: Understanding the Hopes and Aspirations of the Public\t\t\t\t<\/a>\n\t\t\t\t\t\t\t<\/h2>\n\t\t\t\t\t\t<div class=\"entry-content obfx-grid-content\">\n\t\t\t\t04\/03\/2021\t\t\t<\/div>\n\t\t\t<div class=\"obfx-grid-footer\"><a href=\"https:\/\/est.etuc.org\/Rethink\/?p=1\" title=\"Read more\">Read more<\/a><\/div><\/div><\/article><\/div><div class=\"obfx-grid-wrapper\"><article class=\"obfx-grid-col obfx-no-image\"><div class=\"obfx-grid-col-content\">\t\t\t<h2 class=\"entry-title obfx-grid-title\">\n\t\t\t\t\t\t\t<a href=\"https:\/\/est.etuc.org\/Rethink\/?p=2438&#038;lang=it\" title=\"Topic 1: Una societ\u00e0 post-pandemia: comprendere le speranze e le aspirazioni della gente\">\n\t\t\t\t\tTopic 1: Una societ\u00e0 post-pandemia: comprendere le speranze e le aspirazioni della gente\t\t\t\t<\/a>\n\t\t\t\t\t\t\t<\/h2>\n\t\t\t\t\t\t<div class=\"entry-content obfx-grid-content\">\n\t\t\t\t04\/03\/2021\t\t\t<\/div>\n\t\t\t<div class=\"obfx-grid-footer\"><a href=\"https:\/\/est.etuc.org\/Rethink\/?p=2438&lang=it\" title=\"Read more\">Read more<\/a><\/div><\/div><\/article><\/div><div class=\"obfx-grid-wrapper\"><article class=\"obfx-grid-col obfx-no-image\"><div class=\"obfx-grid-col-content\">\t\t\t<h2 class=\"entry-title obfx-grid-title\">\n\t\t\t\t\t\t\t<a href=\"https:\/\/est.etuc.org\/Rethink\/?p=2487&#038;lang=fr\" title=\"Topic 1: Une soci\u00e9t\u00e9 post-pand\u00e9mie : comprendre les espoirs et aspirations du public\">\n\t\t\t\t\tTopic 1: Une soci\u00e9t\u00e9 post-pand\u00e9mie : comprendre les espoirs et aspirations du public\t\t\t\t<\/a>\n\t\t\t\t\t\t\t<\/h2>\n\t\t\t\t\t\t<div class=\"entry-content obfx-grid-content\">\n\t\t\t\t04\/03\/2021\t\t\t<\/div>\n\t\t\t<div class=\"obfx-grid-footer\"><a href=\"https:\/\/est.etuc.org\/Rethink\/?p=2487&lang=fr\" title=\"Read more\">Read more<\/a><\/div><\/div><\/article><\/div><div class=\"obfx-grid-wrapper\"><article class=\"obfx-grid-col obfx-no-image\"><div class=\"obfx-grid-col-content\">\t\t\t<h2 class=\"entry-title obfx-grid-title\">\n\t\t\t\t\t\t\t<a href=\"https:\/\/est.etuc.org\/Rethink\/?p=2496\" title=\"Topic 2: What happens to inequalities in Europe in the aftermath of the pandemic crisis\">\n\t\t\t\t\tTopic 2: What happens to inequalities in Europe in the aftermath of the pandemic crisis\t\t\t\t<\/a>\n\t\t\t\t\t\t\t<\/h2>\n\t\t\t\t\t\t<div class=\"entry-content obfx-grid-content\">\n\t\t\t\t11\/03\/2021\t\t\t<\/div>\n\t\t\t<div class=\"obfx-grid-footer\"><a href=\"https:\/\/est.etuc.org\/Rethink\/?p=2496\" title=\"Read more\">Read more<\/a><\/div><\/div><\/article><\/div><div class=\"obfx-grid-wrapper\"><article class=\"obfx-grid-col obfx-no-image\"><div class=\"obfx-grid-col-content\">\t\t\t<h2 class=\"entry-title obfx-grid-title\">\n\t\t\t\t\t\t\t<a href=\"https:\/\/est.etuc.org\/Rethink\/?p=2608\" title=\"Topic 3: Global trends during and after the COVID-19 and its impact on the global economy\">\n\t\t\t\t\tTopic 3: Global trends during and after the COVID-19 and its impact on the global economy\t\t\t\t<\/a>\n\t\t\t\t\t\t\t<\/h2>\n\t\t\t\t\t\t<div class=\"entry-content obfx-grid-content\">\n\t\t\t\t18\/03\/2021\t\t\t<\/div>\n\t\t\t<div class=\"obfx-grid-footer\"><a href=\"https:\/\/est.etuc.org\/Rethink\/?p=2608\" title=\"Read more\">Read more<\/a><\/div><\/div><\/article><\/div><div class=\"obfx-grid-wrapper\"><article class=\"obfx-grid-col obfx-no-image\"><div class=\"obfx-grid-col-content\">\t\t\t<h2 class=\"entry-title obfx-grid-title\">\n\t\t\t\t\t\t\t<a href=\"https:\/\/est.etuc.org\/Rethink\/?p=2612\" title=\"Topic 4: Rethinking jobs and social protection systems?\">\n\t\t\t\t\tTopic 4: Rethinking jobs and social protection systems?\t\t\t\t<\/a>\n\t\t\t\t\t\t\t<\/h2>\n\t\t\t\t\t\t<div class=\"entry-content obfx-grid-content\">\n\t\t\t\t25\/03\/2021\t\t\t<\/div>\n\t\t\t<div class=\"obfx-grid-footer\"><a href=\"https:\/\/est.etuc.org\/Rethink\/?p=2612\" title=\"Read more\">Read more<\/a><\/div><\/div><\/article><\/div><div class=\"obfx-grid-wrapper\"><article class=\"obfx-grid-col obfx-no-image\"><div class=\"obfx-grid-col-content\">\t\t\t<h2 class=\"entry-title obfx-grid-title\">\n\t\t\t\t\t\t\t<a href=\"https:\/\/est.etuc.org\/Rethink\/?p=2616\" title=\"Topic 5: A Labour Guarantee to reinforce the social dimension of development\">\n\t\t\t\t\tTopic 5: A Labour Guarantee to reinforce the social dimension of development\t\t\t\t<\/a>\n\t\t\t\t\t\t\t<\/h2>\n\t\t\t\t\t\t<div class=\"entry-content obfx-grid-content\">\n\t\t\t\t01\/04\/2021\t\t\t<\/div>\n\t\t\t<div class=\"obfx-grid-footer\"><a href=\"https:\/\/est.etuc.org\/Rethink\/?p=2616\" title=\"Read more\">Read more<\/a><\/div><\/div><\/article><\/div><div class=\"obfx-grid-wrapper\"><article class=\"obfx-grid-col obfx-no-image\"><div class=\"obfx-grid-col-content\">\t\t\t<h2 class=\"entry-title obfx-grid-title\">\n\t\t\t\t\t\t\t<a href=\"https:\/\/est.etuc.org\/Rethink\/?p=2623\" title=\"Topic 6: Empowering public (general interest) services for a sustainable economy\">\n\t\t\t\t\tTopic 6: Empowering public (general interest) services for a sustainable economy\t\t\t\t<\/a>\n\t\t\t\t\t\t\t<\/h2>\n\t\t\t\t\t\t<div class=\"entry-content obfx-grid-content\">\n\t\t\t\t08\/04\/2021\t\t\t<\/div>\n\t\t\t<div class=\"obfx-grid-footer\"><a href=\"https:\/\/est.etuc.org\/Rethink\/?p=2623\" title=\"Read more\">Read more<\/a><\/div><\/div><\/article><\/div><div class=\"obfx-grid-wrapper\"><article class=\"obfx-grid-col obfx-no-image\"><div class=\"obfx-grid-col-content\">\t\t\t<h2 class=\"entry-title obfx-grid-title\">\n\t\t\t\t\t\t\t<a href=\"https:\/\/est.etuc.org\/Rethink\/?p=2627\" title=\"Topic 7: Financing the green and digital transitions and social component of sustainability, the point of view of private investors\">\n\t\t\t\t\tTopic 7: Financing the green and digital transitions and social component of sustainability, the point of view of private investors\t\t\t\t<\/a>\n\t\t\t\t\t\t\t<\/h2>\n\t\t\t\t\t\t<div class=\"entry-content obfx-grid-content\">\n\t\t\t\t15\/04\/2021\t\t\t<\/div>\n\t\t\t<div class=\"obfx-grid-footer\"><a href=\"https:\/\/est.etuc.org\/Rethink\/?p=2627\" title=\"Read more\">Read more<\/a><\/div><\/div><\/article><\/div><div class=\"obfx-grid-wrapper\"><article class=\"obfx-grid-col obfx-no-image\"><div class=\"obfx-grid-col-content\">\t\t\t<h2 class=\"entry-title obfx-grid-title\">\n\t\t\t\t\t\t\t<a href=\"https:\/\/est.etuc.org\/Rethink\/?p=2628\" title=\"Topic 8: Employment policies and sustainability (SDG8 and10) against the post-COVID economic outlook\">\n\t\t\t\t\tTopic 8: Employment policies and sustainability (SDG8 and10) against the post-COVID economic outlook\t\t\t\t<\/a>\n\t\t\t\t\t\t\t<\/h2>\n\t\t\t\t\t\t<div class=\"entry-content obfx-grid-content\">\n\t\t\t\t22\/04\/2021\t\t\t<\/div>\n\t\t\t<div class=\"obfx-grid-footer\"><a href=\"https:\/\/est.etuc.org\/Rethink\/?p=2628\" title=\"Read more\">Read more<\/a><\/div><\/div><\/article><\/div><div class=\"obfx-grid-wrapper\"><article class=\"obfx-grid-col obfx-no-image\"><div class=\"obfx-grid-col-content\">\t\t\t<h2 class=\"entry-title obfx-grid-title\">\n\t\t\t\t\t\t\t<a href=\"https:\/\/est.etuc.org\/Rethink\/?p=2820&#038;lang=it\" title=\"Topic 2: Cosa ne sar\u00e0 delle diseguaglianze in Europa all\u2019indomani della crisi pandemica?\">\n\t\t\t\t\tTopic 2: Cosa ne sar\u00e0 delle diseguaglianze in Europa all\u2019indomani della crisi pandemica?\t\t\t\t<\/a>\n\t\t\t\t\t\t\t<\/h2>\n\t\t\t\t\t\t<div class=\"entry-content obfx-grid-content\">\n\t\t\t\t11\/03\/2021\t\t\t<\/div>\n\t\t\t<div class=\"obfx-grid-footer\"><a href=\"https:\/\/est.etuc.org\/Rethink\/?p=2820&lang=it\" title=\"Read more\">Read more<\/a><\/div><\/div><\/article><\/div><div class=\"obfx-grid-wrapper\"><article class=\"obfx-grid-col obfx-no-image\"><div class=\"obfx-grid-col-content\">\t\t\t<h2 class=\"entry-title obfx-grid-title\">\n\t\t\t\t\t\t\t<a href=\"https:\/\/est.etuc.org\/Rethink\/?p=2826&#038;lang=it\" title=\"Topic 3: I trend globali durante e dopo la pandemia COVID-19 e il suo impatto sull\u2019economia globale\">\n\t\t\t\t\tTopic 3: I trend globali durante e dopo la pandemia COVID-19 e il suo impatto sull\u2019economia globale\t\t\t\t<\/a>\n\t\t\t\t\t\t\t<\/h2>\n\t\t\t\t\t\t<div class=\"entry-content obfx-grid-content\">\n\t\t\t\t18\/03\/2021\t\t\t<\/div>\n\t\t\t<div class=\"obfx-grid-footer\"><a href=\"https:\/\/est.etuc.org\/Rethink\/?p=2826&lang=it\" title=\"Read more\">Read more<\/a><\/div><\/div><\/article><\/div><div class=\"obfx-grid-wrapper\"><article class=\"obfx-grid-col obfx-no-image\"><div class=\"obfx-grid-col-content\">\t\t\t<h2 class=\"entry-title obfx-grid-title\">\n\t\t\t\t\t\t\t<a href=\"https:\/\/est.etuc.org\/Rethink\/?p=2835&#038;lang=it\" title=\"Topic 4: Ripensare posti di lavoro e sistemi di protezione sociale\">\n\t\t\t\t\tTopic 4: Ripensare posti di lavoro e sistemi di protezione sociale\t\t\t\t<\/a>\n\t\t\t\t\t\t\t<\/h2>\n\t\t\t\t\t\t<div class=\"entry-content obfx-grid-content\">\n\t\t\t\t25\/03\/2021\t\t\t<\/div>\n\t\t\t<div class=\"obfx-grid-footer\"><a href=\"https:\/\/est.etuc.org\/Rethink\/?p=2835&lang=it\" title=\"Read more\">Read more<\/a><\/div><\/div><\/article><\/div><div class=\"obfx-grid-wrapper\"><article class=\"obfx-grid-col obfx-no-image\"><div class=\"obfx-grid-col-content\">\t\t\t<h2 class=\"entry-title obfx-grid-title\">\n\t\t\t\t\t\t\t<a href=\"https:\/\/est.etuc.org\/Rethink\/?p=2844&#038;lang=it\" title=\"Topic 5: La garanzia del lavoro per rafforzare la dimensione sociale dello sviluppo\">\n\t\t\t\t\tTopic 5: La garanzia del lavoro per rafforzare la dimensione sociale dello sviluppo\t\t\t\t<\/a>\n\t\t\t\t\t\t\t<\/h2>\n\t\t\t\t\t\t<div class=\"entry-content obfx-grid-content\">\n\t\t\t\t01\/04\/2021\t\t\t<\/div>\n\t\t\t<div class=\"obfx-grid-footer\"><a href=\"https:\/\/est.etuc.org\/Rethink\/?p=2844&lang=it\" title=\"Read more\">Read more<\/a><\/div><\/div><\/article><\/div><div class=\"obfx-grid-wrapper\"><article class=\"obfx-grid-col obfx-no-image\"><div class=\"obfx-grid-col-content\">\t\t\t<h2 class=\"entry-title obfx-grid-title\">\n\t\t\t\t\t\t\t<a href=\"https:\/\/est.etuc.org\/Rethink\/?p=2849&#038;lang=it\" title=\"Topic 6: Rafforzare i servizi pubblici (di interesse generale) per un\u2019economia sostenibile\">\n\t\t\t\t\tTopic 6: Rafforzare i servizi pubblici (di interesse generale) per un\u2019economia sostenibile\t\t\t\t<\/a>\n\t\t\t\t\t\t\t<\/h2>\n\t\t\t\t\t\t<div class=\"entry-content obfx-grid-content\">\n\t\t\t\t08\/04\/2021\t\t\t<\/div>\n\t\t\t<div class=\"obfx-grid-footer\"><a href=\"https:\/\/est.etuc.org\/Rethink\/?p=2849&lang=it\" title=\"Read more\">Read more<\/a><\/div><\/div><\/article><\/div><\/div><!-- .obfx-grid-container --><\/div><!-- .obfx-grid -->\t\t<\/div>\n\t\t\t\t<\/div>\n\t\t\t\t\t\t<\/div>\n\t\t\t\t\t<\/div>\n\t\t<\/div>\n\t\t\t\t\t\t\t\t<\/div>\n\t\t\t\t\t<\/div>\n\t\t<\/section>\n\t\t\t\t<section class=\"elementor-section elementor-top-section elementor-element elementor-element-02c7f52 elementor-section-boxed elementor-section-height-default elementor-section-height-default\" data-id=\"02c7f52\" data-element_type=\"section\">\n\t\t\t\t\t\t<div class=\"elementor-container elementor-column-gap-default\">\n\t\t\t\t\t\t\t<div class=\"elementor-row\">\n\t\t\t\t\t<div class=\"elementor-column elementor-col-100 elementor-top-column elementor-element elementor-element-42e10d6\" data-id=\"42e10d6\" data-element_type=\"column\">\n\t\t\t<div class=\"elementor-column-wrap elementor-element-populated\">\n\t\t\t\t\t\t\t<div class=\"elementor-widget-wrap\">\n\t\t\t\t\t\t<div class=\"elementor-element elementor-element-f5679f6 elementor-widget elementor-widget-heading\" data-id=\"f5679f6\" data-element_type=\"widget\" data-widget_type=\"heading.default\">\n\t\t\t\t<div class=\"elementor-widget-container\">\n\t\t\t<h2 class=\"elementor-heading-title elementor-size-default\">Latest video<\/h2>\t\t<\/div>\n\t\t\t\t<\/div>\n\t\t\t\t\t\t<\/div>\n\t\t\t\t\t<\/div>\n\t\t<\/div>\n\t\t\t\t\t\t\t\t<\/div>\n\t\t\t\t\t<\/div>\n\t\t<\/section>\n\t\t\t\t<section class=\"elementor-section elementor-top-section elementor-element elementor-element-c5c577a elementor-section-boxed elementor-section-height-default elementor-section-height-default\" data-id=\"c5c577a\" data-element_type=\"section\">\n\t\t\t\t\t\t<div class=\"elementor-container elementor-column-gap-default\">\n\t\t\t\t\t\t\t<div class=\"elementor-row\">\n\t\t\t\t\t<div class=\"elementor-column elementor-col-100 elementor-top-column elementor-element elementor-element-d82407f\" data-id=\"d82407f\" data-element_type=\"column\">\n\t\t\t<div class=\"elementor-column-wrap elementor-element-populated\">\n\t\t\t\t\t\t\t<div class=\"elementor-widget-wrap\">\n\t\t\t\t\t\t<div class=\"elementor-element elementor-element-f6aeb3a elementor-aspect-ratio-169 elementor-widget elementor-widget-video\" data-id=\"f6aeb3a\" data-element_type=\"widget\" data-settings=\"{&quot;aspect_ratio&quot;:&quot;169&quot;}\" data-widget_type=\"video.default\">\n\t\t\t\t<div class=\"elementor-widget-container\">\n\t\t\t\t\t<div class=\"elementor-wrapper elementor-fit-aspect-ratio elementor-open-inline\">\n\t\t\t<iframe class=\"elementor-video-iframe\" allowfullscreen title=\"youtube Video Player\" src=\"https:\/\/www.youtube.com\/embed\/kdeOr-1qZvo?feature=oembed&amp;start&amp;end&amp;wmode=opaque&amp;loop=0&amp;controls=1&amp;mute=0&amp;rel=0&amp;modestbranding=0\"><\/iframe>\t\t<\/div>\n\t\t\t\t<\/div>\n\t\t\t\t<\/div>\n\t\t\t\t<div class=\"elementor-element elementor-element-9a5a180 elementor-widget elementor-widget-spacer\" data-id=\"9a5a180\" data-element_type=\"widget\" data-widget_type=\"spacer.default\">\n\t\t\t\t<div class=\"elementor-widget-container\">\n\t\t\t\t\t<div class=\"elementor-spacer\">\n\t\t\t<div class=\"elementor-spacer-inner\"><\/div>\n\t\t<\/div>\n\t\t\t\t<\/div>\n\t\t\t\t<\/div>\n\t\t\t\t\t\t<\/div>\n\t\t\t\t\t<\/div>\n\t\t<\/div>\n\t\t\t\t\t\t\t\t<\/div>\n\t\t\t\t\t<\/div>\n\t\t<\/section>\n\t\t\t\t<section class=\"elementor-section elementor-top-section elementor-element elementor-element-df83772 elementor-section-stretched elementor-section-boxed elementor-section-height-default elementor-section-height-default\" data-id=\"df83772\" data-element_type=\"section\" data-settings=\"{&quot;background_background&quot;:&quot;classic&quot;,&quot;stretch_section&quot;:&quot;section-stretched&quot;}\">\n\t\t\t\t\t\t<div class=\"elementor-container elementor-column-gap-default\">\n\t\t\t\t\t\t\t<div class=\"elementor-row\">\n\t\t\t\t\t<div class=\"elementor-column elementor-col-33 elementor-top-column elementor-element elementor-element-434fb20\" data-id=\"434fb20\" data-element_type=\"column\">\n\t\t\t<div class=\"elementor-column-wrap\">\n\t\t\t\t\t\t\t<div class=\"elementor-widget-wrap\">\n\t\t\t\t\t\t\t\t<\/div>\n\t\t\t\t\t<\/div>\n\t\t<\/div>\n\t\t\t\t<div class=\"elementor-column elementor-col-33 elementor-top-column elementor-element elementor-element-bd6f453\" data-id=\"bd6f453\" data-element_type=\"column\">\n\t\t\t<div class=\"elementor-column-wrap elementor-element-populated\">\n\t\t\t\t\t\t\t<div class=\"elementor-widget-wrap\">\n\t\t\t\t\t\t<div class=\"elementor-element elementor-element-d536620 elementor-widget elementor-widget-heading\" data-id=\"d536620\" data-element_type=\"widget\" data-widget_type=\"heading.default\">\n\t\t\t\t<div class=\"elementor-widget-container\">\n\t\t\t<h2 class=\"elementor-heading-title elementor-size-default\">Do you want to be update?<\/h2>\t\t<\/div>\n\t\t\t\t<\/div>\n\t\t\t\t<div class=\"elementor-element elementor-element-9a454c9 elementor-widget elementor-widget-text-editor\" data-id=\"9a454c9\" data-element_type=\"widget\" data-widget_type=\"text-editor.default\">\n\t\t\t\t<div class=\"elementor-widget-container\">\n\t\t\t\t\t<div class=\"elementor-text-editor elementor-clearfix\"><p><span style=\"color: #999999;\"><span style=\"font-size: 14px;\">Leave us your email and you will receive all the updates related to this event<\/span><\/span><\/p><\/div>\n\t\t\t\t<\/div>\n\t\t\t\t<\/div>\n\t\t\t\t<div class=\"elementor-element elementor-element-ef83d4d elementor-widget elementor-widget-content_form_newsletter\" data-id=\"ef83d4d\" data-element_type=\"widget\" data-widget_type=\"content_form_newsletter.default\">\n\t\t\t\t<div class=\"elementor-widget-container\">\n\t\t\t<form action=\"https:\/\/est.etuc.org\/Rethink\/wp-admin\/admin-post.php\" method=\"post\" name=\"content-form-ef83d4d\" id=\"content-form-ef83d4d\" class=\"ti-cf-module content-form content-form-newsletter content_form_newsletter\"><input type=\"hidden\" id=\"_wpnonce_newsletter\" name=\"_wpnonce_newsletter\" value=\"6c8fd2fb93\" \/><input type=\"hidden\" name=\"_wp_http_referer\" value=\"\/Rethink\/index.php?rest_route=%2Fwp%2Fv2%2Fpages%2F460\" \/><input type=\"hidden\" name=\"action\" value=\"content_form_submit\" \/><input type=\"hidden\" name=\"form-type\" value=\"newsletter\" \/><input type=\"hidden\" name=\"form-builder\" value=\"elementor\" \/><input type=\"hidden\" name=\"post-id\" value=\"2849\" \/><input type=\"hidden\" name=\"form-id\" value=\"ef83d4d\" \/><fieldset class=\"content-form-field-email elementor-column elementor-col-100\"><label for=\"data[ef83d4d][EMAIL]\" ><\/label><input type=\"text\" name=\"data[ef83d4d][EMAIL]\" id=\"data[ef83d4d][EMAIL]\" required=\"required\"  placeholder=\"Email\"><\/fieldset><fieldset class=\"submit-form newsletter\"><button type=\"submit\" name=\"submit\"  value=\"submit-newsletter-ef83d4d\" class=\"\">Join Newsletter<span ><span class=\" elementor-button-icon\"><\/span><\/span><\/button><\/fieldset><\/form>\t\t<\/div>\n\t\t\t\t<\/div>\n\t\t\t\t<div class=\"elementor-element elementor-element-7527e85 elementor-widget elementor-widget-text-editor\" data-id=\"7527e85\" data-element_type=\"widget\" data-widget_type=\"text-editor.default\">\n\t\t\t\t<div class=\"elementor-widget-container\">\n\t\t\t\t\t<div class=\"elementor-text-editor elementor-clearfix\"><p>On the join you authorize to send information about ETUC-Rethinking activities<\/p><\/div>\n\t\t\t\t<\/div>\n\t\t\t\t<\/div>\n\t\t\t\t\t\t<\/div>\n\t\t\t\t\t<\/div>\n\t\t<\/div>\n\t\t\t\t<div class=\"elementor-column elementor-col-33 elementor-top-column elementor-element elementor-element-4dfae34\" data-id=\"4dfae34\" data-element_type=\"column\">\n\t\t\t<div class=\"elementor-column-wrap\">\n\t\t\t\t\t\t\t<div class=\"elementor-widget-wrap\">\n\t\t\t\t\t\t\t\t<\/div>\n\t\t\t\t\t<\/div>\n\t\t<\/div>\n\t\t\t\t\t\t\t\t<\/div>\n\t\t\t\t\t<\/div>\n\t\t<\/section>\n\t\t\t\t<section class=\"elementor-section elementor-top-section elementor-element elementor-element-3facf3c elementor-section-boxed elementor-section-height-default elementor-section-height-default\" data-id=\"3facf3c\" data-element_type=\"section\">\n\t\t\t\t\t\t<div class=\"elementor-container elementor-column-gap-default\">\n\t\t\t\t\t\t\t<div class=\"elementor-row\">\n\t\t\t\t\t\t\t\t\t<\/div>\n\t\t\t\t\t<\/div>\n\t\t<\/section>\n\t\t\t\t\t\t<\/div>\n\t\t\t\t\t\t<\/div>\n\t\t\t\t\t<\/div>\n\t\t","protected":false},"excerpt":{"rendered":"<p>Agenda Topic 1: Une soci\u00e9t\u00e9 post-pand\u00e9mie : comprendre les espoirs et aspirations du public 04\/03\/2021 Read more Topic 2: Qu\u2019en sera-t-il des in\u00e9galit\u00e9s en Europe au sortir de la crise de la pand\u00e9mie ? 11\/03\/2021 Read more Topic 3: Tendances mondiales durant et apr\u00e8s la pand\u00e9mie de COVID-19 et impact [&hellip;]<\/p>\n","protected":false},"author":1,"featured_media":0,"parent":0,"menu_order":0,"comment_status":"closed","ping_status":"closed","template":"","meta":[],"_links":{"self":[{"href":"https:\/\/est.etuc.org\/Rethink\/index.php?rest_route=\/wp\/v2\/pages\/460"}],"collection":[{"href":"https:\/\/est.etuc.org\/Rethink\/index.php?rest_route=\/wp\/v2\/pages"}],"about":[{"href":"https:\/\/est.etuc.org\/Rethink\/index.php?rest_route=\/wp\/v2\/types\/page"}],"author":[{"embeddable":true,"href":"https:\/\/est.etuc.org\/Rethink\/index.php?rest_route=\/wp\/v2\/users\/1"}],"replies":[{"embeddable":true,"href":"https:\/\/est.etuc.org\/Rethink\/index.php?rest_route=%2Fwp%2Fv2%2Fcomments&post=460"}],"version-history":[{"count":100,"href":"https:\/\/est.etuc.org\/Rethink\/index.php?rest_route=\/wp\/v2\/pages\/460\/revisions"}],"predecessor-version":[{"id":3179,"href":"https:\/\/est.etuc.org\/Rethink\/index.php?rest_route=\/wp\/v2\/pages\/460\/revisions\/3179"}],"wp:attachment":[{"href":"https:\/\/est.etuc.org\/Rethink\/index.php?rest_route=%2Fwp%2Fv2%2Fmedia&parent=460"}],"curies":[{"name":"wp","href":"https:\/\/api.w.org\/{rel}","templated":true}]}}